{"id":5481,"date":"2014-07-01T17:36:08","date_gmt":"2014-07-01T15:36:08","guid":{"rendered":"http:\/\/www.strasser-steine.at\/en\/quarzkomposit\/"},"modified":"2016-03-24T14:10:53","modified_gmt":"2016-03-24T12:10:53","slug":"quartz-countertops","status":"publish","type":"page","link":"https:\/\/grabmale.strasser-steine.at\/en\/quartz-countertops\/","title":{"rendered":"Quartz countertops"},"content":{"rendered":"<h3>Quartz composite is a material which consists of 93% natural quartz.<\/h3>\n<p>After diamond, quartz is one of the hardest raw materials. Precious effects can be achieved through the addition of coloring and eventually small pieces of glass or mirrors. Quartz composite is not porous, has a compact surface and therefore, doesn\u00b4t have to be impregnated. It is only limited heat resistant. It is therefore recommended to use a trivet to avoid a thermal shock or discolorations. Through its high quartz percentage, it is extensive scratch proof.<\/p>\n","protected":false},"excerpt":{"rendered":"<p>Quartz composite is a material which consists of 93% natural quartz. After diamond, quartz is one of the hardest raw materials. Precious effects can be achieved through the addition of coloring and eventually small pieces of glass or mirrors. Quartz composite is not porous, has a compact surface and therefore,<span class=\"readMore\">&#8230;&nbsp;weiterlesen<\/span><\/p>\n","protected":false},"author":14,"featured_media":0,"parent":0,"menu_order":0,"comment_status":"open","ping_status":"closed","template":"temp\/content-kuechenplaten-quartz.php","meta":{"_acf_changed":false,"footnotes":""},"class_list":["post-5481","page","type-page","status-publish","hentry"],"acf":[],"yoast_head":"<!-- This site is optimized with the Yoast SEO plugin v27.4 - https:\/\/yoast.com\/product\/yoast-seo-wordpress\/ -->\n<title>Arbeitsplatten aus Quarzkomposit<\/title>\n<meta name=\"description\" content=\"Sie suchen eine besondere Arbeitsplatte f\u00fcr ihre K\u00fcche? Dann sollten sie sich unser Quarzkomposit-Sortiment mit Leather Look Oberfl\u00e4che unbedingt anschauen\" \/>\n<meta name=\"robots\" content=\"index, follow, max-snippet:-1, max-image-preview:large, max-video-preview:-1\" \/>\n<link rel=\"canonical\" href=\"https:\/\/grabmale.strasser-steine.at\/elated-carver.45-83-245-57.plesk.pageen\/quartz-countertops\/\" \/>\n<meta property=\"og:locale\" content=\"en_US\" \/>\n<meta property=\"og:type\" content=\"article\" \/>\n<meta property=\"og:title\" content=\"Arbeitsplatten aus Quarzkomposit\" \/>\n<meta property=\"og:description\" content=\"Sie suchen eine besondere Arbeitsplatte f\u00fcr ihre K\u00fcche? Dann sollten sie sich unser Quarzkomposit-Sortiment mit Leather Look Oberfl\u00e4che unbedingt anschauen\" \/>\n<meta property=\"og:url\" content=\"elated-carver.45-83-245-57.plesk.pageen\/quartz-countertops\/\" \/>\n<meta property=\"og:site_name\" content=\"Strasser-Steine\" \/>\n<meta property=\"article:modified_time\" content=\"2016-03-24T12:10:53+00:00\" \/>\n<script type=\"application\/ld+json\" class=\"yoast-schema-graph\">{\"@context\":\"https:\\\/\\\/schema.org\",\"@graph\":[{\"@type\":\"WebPage\",\"@id\":\"elated-carver.45-83-245-57.plesk.pageen\\\/quartz-countertops\\\/\",\"url\":\"https:\\\/\\\/grabmale.strasser-steine.at\\\/elated-carver.45-83-245-57.plesk.pageen\\\/quartz-countertops\\\/\",\"name\":\"Arbeitsplatten aus Quarzkomposit\",\"isPartOf\":{\"@id\":\"https:\\\/\\\/elated-carver.45-83-245-57.plesk.page\\\/#website\"},\"datePublished\":\"2014-07-01T15:36:08+00:00\",\"dateModified\":\"2016-03-24T12:10:53+00:00\",\"description\":\"Sie suchen eine besondere Arbeitsplatte f\u00fcr ihre K\u00fcche? Dann sollten sie sich unser Quarzkomposit-Sortiment mit Leather Look Oberfl\u00e4che unbedingt anschauen\",\"inLanguage\":\"en-US\",\"potentialAction\":[{\"@type\":\"ReadAction\",\"target\":[\"https:\\\/\\\/grabmale.strasser-steine.at\\\/elated-carver.45-83-245-57.plesk.pageen\\\/quartz-countertops\\\/\"]}]},{\"@type\":\"WebSite\",\"@id\":\"https:\\\/\\\/elated-carver.45-83-245-57.plesk.page\\\/#website\",\"url\":\"https:\\\/\\\/elated-carver.45-83-245-57.plesk.page\\\/\",\"name\":\"Strasser-Steine\",\"description\":\"\",\"potentialAction\":[{\"@type\":\"SearchAction\",\"target\":{\"@type\":\"EntryPoint\",\"urlTemplate\":\"https:\\\/\\\/elated-carver.45-83-245-57.plesk.page\\\/?s={search_term_string}\"},\"query-input\":{\"@type\":\"PropertyValueSpecification\",\"valueRequired\":true,\"valueName\":\"search_term_string\"}}],\"inLanguage\":\"en-US\"}]}<\/script>\n<!-- \/ Yoast SEO plugin. -->","yoast_head_json":{"title":"Arbeitsplatten aus Quarzkomposit","description":"Sie suchen eine besondere Arbeitsplatte f\u00fcr ihre K\u00fcche? Dann sollten sie sich unser Quarzkomposit-Sortiment mit Leather Look Oberfl\u00e4che unbedingt anschauen","robots":{"index":"index","follow":"follow","max-snippet":"max-snippet:-1","max-image-preview":"max-image-preview:large","max-video-preview":"max-video-preview:-1"},"canonical":"https:\/\/grabmale.strasser-steine.at\/elated-carver.45-83-245-57.plesk.pageen\/quartz-countertops\/","og_locale":"en_US","og_type":"article","og_title":"Arbeitsplatten aus Quarzkomposit","og_description":"Sie suchen eine besondere Arbeitsplatte f\u00fcr ihre K\u00fcche? Dann sollten sie sich unser Quarzkomposit-Sortiment mit Leather Look Oberfl\u00e4che unbedingt anschauen","og_url":"elated-carver.45-83-245-57.plesk.pageen\/quartz-countertops\/","og_site_name":"Strasser-Steine","article_modified_time":"2016-03-24T12:10:53+00:00","schema":{"@context":"https:\/\/schema.org","@graph":[{"@type":"WebPage","@id":"elated-carver.45-83-245-57.plesk.pageen\/quartz-countertops\/","url":"https:\/\/grabmale.strasser-steine.at\/elated-carver.45-83-245-57.plesk.pageen\/quartz-countertops\/","name":"Arbeitsplatten aus Quarzkomposit","isPartOf":{"@id":"https:\/\/elated-carver.45-83-245-57.plesk.page\/#website"},"datePublished":"2014-07-01T15:36:08+00:00","dateModified":"2016-03-24T12:10:53+00:00","description":"Sie suchen eine besondere Arbeitsplatte f\u00fcr ihre K\u00fcche? Dann sollten sie sich unser Quarzkomposit-Sortiment mit Leather Look Oberfl\u00e4che unbedingt anschauen","inLanguage":"en-US","potentialAction":[{"@type":"ReadAction","target":["https:\/\/grabmale.strasser-steine.at\/elated-carver.45-83-245-57.plesk.pageen\/quartz-countertops\/"]}]},{"@type":"WebSite","@id":"https:\/\/elated-carver.45-83-245-57.plesk.page\/#website","url":"https:\/\/elated-carver.45-83-245-57.plesk.page\/","name":"Strasser-Steine","description":"","potentialAction":[{"@type":"SearchAction","target":{"@type":"EntryPoint","urlTemplate":"https:\/\/elated-carver.45-83-245-57.plesk.page\/?s={search_term_string}"},"query-input":{"@type":"PropertyValueSpecification","valueRequired":true,"valueName":"search_term_string"}}],"inLanguage":"en-US"}]}},"_links":{"self":[{"href":"https:\/\/grabmale.strasser-steine.at\/en\/wp-json\/wp\/v2\/pages\/5481","targetHints":{"allow":["GET"]}}],"collection":[{"href":"https:\/\/grabmale.strasser-steine.at\/en\/wp-json\/wp\/v2\/pages"}],"about":[{"href":"https:\/\/grabmale.strasser-steine.at\/en\/wp-json\/wp\/v2\/types\/page"}],"author":[{"embeddable":true,"href":"https:\/\/grabmale.strasser-steine.at\/en\/wp-json\/wp\/v2\/users\/14"}],"replies":[{"embeddable":true,"href":"https:\/\/grabmale.strasser-steine.at\/en\/wp-json\/wp\/v2\/comments?post=5481"}],"version-history":[{"count":2,"href":"https:\/\/grabmale.strasser-steine.at\/en\/wp-json\/wp\/v2\/pages\/5481\/revisions"}],"predecessor-version":[{"id":5614,"href":"https:\/\/grabmale.strasser-steine.at\/en\/wp-json\/wp\/v2\/pages\/5481\/revisions\/5614"}],"wp:attachment":[{"href":"https:\/\/grabmale.strasser-steine.at\/en\/wp-json\/wp\/v2\/media?parent=5481"}],"curies":[{"name":"wp","href":"https:\/\/api.w.org\/{rel}","templated":true}]}}