{"id":5478,"date":"2014-07-01T17:40:57","date_gmt":"2014-07-01T15:40:57","guid":{"rendered":"http:\/\/www.strasser-steine.at\/en\/keramik\/"},"modified":"2016-03-22T19:08:54","modified_gmt":"2016-03-22T17:08:54","slug":"keramik","status":"publish","type":"page","link":"https:\/\/grabmale.strasser-steine.at\/en\/keramik\/","title":{"rendered":"Kitchen countertops made out of the natural raw material ceramic"},"content":{"rendered":"<p>Ceramic kitchen countertops, that enable completely new shape-possibilities, are the top-innovation by STRASSER-Steine at the moment. The ceramic countertops are as thin as the bottom of a pan but as resistant as stone.<\/p>\n<h3>Ceramic: natural raw material <\/h3>\n<p>Quartz particles, feldspar, kaolin and clay are the components of the familiar material ceramic. These materials are kilned at 1200 degrees and are thereby so heavy-duty they can be used as kitchen countertops.<\/p>\n<p>The ceramic kitchen countertops are exclusively processed without glue and are available in dimensions of 12 to 120 mm.  Depending on the size of the slabs even larger formats of 3,1m X 1,4m are possible. Therefore, big kitchen islands can be equipped with this trendy material, without separate parts.<\/p>\n<p>Ceramic countertops, as well as natural stone, have a lot of assets: heat resistant, scratch proof and can be cleaned easily.<\/p>\n","protected":false},"excerpt":{"rendered":"<p>Ceramic kitchen countertops, that enable completely new shape-possibilities, are the top-innovation by STRASSER-Steine at the moment. The ceramic countertops are as thin as the bottom of a pan but as resistant as stone. Ceramic: natural raw material Quartz particles, feldspar, kaolin and clay are the components of the familiar material<span class=\"readMore\">&#8230;&nbsp;weiterlesen<\/span><\/p>\n","protected":false},"author":14,"featured_media":0,"parent":0,"menu_order":0,"comment_status":"open","ping_status":"closed","template":"temp\/content-kuechenplaten-keramik.php","meta":{"_acf_changed":false,"footnotes":""},"class_list":["post-5478","page","type-page","status-publish","hentry"],"acf":[],"yoast_head":"<!-- This site is optimized with the Yoast SEO plugin v27.4 - https:\/\/yoast.com\/product\/yoast-seo-wordpress\/ -->\n<title>K\u00fcchenarbeitsplatten aus Keramik<\/title>\n<meta name=\"description\" content=\"K\u00fcchenarbeitsplatten aus Keramik weisen eine Vielzahl an Vorz\u00fcgen auf: Sie sind hitzebest\u00e4ndig, kratz- und schnittfest und dar\u00fcber hinaus sehr pflegeleicht.\" \/>\n<meta name=\"robots\" content=\"index, follow, max-snippet:-1, max-image-preview:large, max-video-preview:-1\" \/>\n<link rel=\"canonical\" href=\"https:\/\/grabmale.strasser-steine.at\/elated-carver.45-83-245-57.plesk.pageen\/keramik\/\" \/>\n<meta property=\"og:locale\" content=\"en_US\" \/>\n<meta property=\"og:type\" content=\"article\" \/>\n<meta property=\"og:title\" content=\"K\u00fcchenarbeitsplatten aus Keramik\" \/>\n<meta property=\"og:description\" content=\"K\u00fcchenarbeitsplatten aus Keramik weisen eine Vielzahl an Vorz\u00fcgen auf: Sie sind hitzebest\u00e4ndig, kratz- und schnittfest und dar\u00fcber hinaus sehr pflegeleicht.\" \/>\n<meta property=\"og:url\" content=\"elated-carver.45-83-245-57.plesk.pageen\/keramik\/\" \/>\n<meta property=\"og:site_name\" content=\"Strasser-Steine\" \/>\n<meta property=\"article:modified_time\" content=\"2016-03-22T17:08:54+00:00\" \/>\n<meta name=\"twitter:label1\" content=\"Est. reading time\" \/>\n\t<meta name=\"twitter:data1\" content=\"1 minute\" \/>\n<script type=\"application\/ld+json\" class=\"yoast-schema-graph\">{\"@context\":\"https:\\\/\\\/schema.org\",\"@graph\":[{\"@type\":\"WebPage\",\"@id\":\"elated-carver.45-83-245-57.plesk.pageen\\\/keramik\\\/\",\"url\":\"https:\\\/\\\/grabmale.strasser-steine.at\\\/elated-carver.45-83-245-57.plesk.pageen\\\/keramik\\\/\",\"name\":\"K\u00fcchenarbeitsplatten aus Keramik\",\"isPartOf\":{\"@id\":\"https:\\\/\\\/elated-carver.45-83-245-57.plesk.page\\\/#website\"},\"datePublished\":\"2014-07-01T15:40:57+00:00\",\"dateModified\":\"2016-03-22T17:08:54+00:00\",\"description\":\"K\u00fcchenarbeitsplatten aus Keramik weisen eine Vielzahl an Vorz\u00fcgen auf: Sie sind hitzebest\u00e4ndig, kratz- und schnittfest und dar\u00fcber hinaus sehr pflegeleicht.\",\"inLanguage\":\"en-US\",\"potentialAction\":[{\"@type\":\"ReadAction\",\"target\":[\"https:\\\/\\\/grabmale.strasser-steine.at\\\/elated-carver.45-83-245-57.plesk.pageen\\\/keramik\\\/\"]}]},{\"@type\":\"WebSite\",\"@id\":\"https:\\\/\\\/elated-carver.45-83-245-57.plesk.page\\\/#website\",\"url\":\"https:\\\/\\\/elated-carver.45-83-245-57.plesk.page\\\/\",\"name\":\"Strasser-Steine\",\"description\":\"\",\"potentialAction\":[{\"@type\":\"SearchAction\",\"target\":{\"@type\":\"EntryPoint\",\"urlTemplate\":\"https:\\\/\\\/elated-carver.45-83-245-57.plesk.page\\\/?s={search_term_string}\"},\"query-input\":{\"@type\":\"PropertyValueSpecification\",\"valueRequired\":true,\"valueName\":\"search_term_string\"}}],\"inLanguage\":\"en-US\"}]}<\/script>\n<!-- \/ Yoast SEO plugin. -->","yoast_head_json":{"title":"K\u00fcchenarbeitsplatten aus Keramik","description":"K\u00fcchenarbeitsplatten aus Keramik weisen eine Vielzahl an Vorz\u00fcgen auf: Sie sind hitzebest\u00e4ndig, kratz- und schnittfest und dar\u00fcber hinaus sehr pflegeleicht.","robots":{"index":"index","follow":"follow","max-snippet":"max-snippet:-1","max-image-preview":"max-image-preview:large","max-video-preview":"max-video-preview:-1"},"canonical":"https:\/\/grabmale.strasser-steine.at\/elated-carver.45-83-245-57.plesk.pageen\/keramik\/","og_locale":"en_US","og_type":"article","og_title":"K\u00fcchenarbeitsplatten aus Keramik","og_description":"K\u00fcchenarbeitsplatten aus Keramik weisen eine Vielzahl an Vorz\u00fcgen auf: Sie sind hitzebest\u00e4ndig, kratz- und schnittfest und dar\u00fcber hinaus sehr pflegeleicht.","og_url":"elated-carver.45-83-245-57.plesk.pageen\/keramik\/","og_site_name":"Strasser-Steine","article_modified_time":"2016-03-22T17:08:54+00:00","twitter_misc":{"Est. reading time":"1 minute"},"schema":{"@context":"https:\/\/schema.org","@graph":[{"@type":"WebPage","@id":"elated-carver.45-83-245-57.plesk.pageen\/keramik\/","url":"https:\/\/grabmale.strasser-steine.at\/elated-carver.45-83-245-57.plesk.pageen\/keramik\/","name":"K\u00fcchenarbeitsplatten aus Keramik","isPartOf":{"@id":"https:\/\/elated-carver.45-83-245-57.plesk.page\/#website"},"datePublished":"2014-07-01T15:40:57+00:00","dateModified":"2016-03-22T17:08:54+00:00","description":"K\u00fcchenarbeitsplatten aus Keramik weisen eine Vielzahl an Vorz\u00fcgen auf: Sie sind hitzebest\u00e4ndig, kratz- und schnittfest und dar\u00fcber hinaus sehr pflegeleicht.","inLanguage":"en-US","potentialAction":[{"@type":"ReadAction","target":["https:\/\/grabmale.strasser-steine.at\/elated-carver.45-83-245-57.plesk.pageen\/keramik\/"]}]},{"@type":"WebSite","@id":"https:\/\/elated-carver.45-83-245-57.plesk.page\/#website","url":"https:\/\/elated-carver.45-83-245-57.plesk.page\/","name":"Strasser-Steine","description":"","potentialAction":[{"@type":"SearchAction","target":{"@type":"EntryPoint","urlTemplate":"https:\/\/elated-carver.45-83-245-57.plesk.page\/?s={search_term_string}"},"query-input":{"@type":"PropertyValueSpecification","valueRequired":true,"valueName":"search_term_string"}}],"inLanguage":"en-US"}]}},"_links":{"self":[{"href":"https:\/\/grabmale.strasser-steine.at\/en\/wp-json\/wp\/v2\/pages\/5478","targetHints":{"allow":["GET"]}}],"collection":[{"href":"https:\/\/grabmale.strasser-steine.at\/en\/wp-json\/wp\/v2\/pages"}],"about":[{"href":"https:\/\/grabmale.strasser-steine.at\/en\/wp-json\/wp\/v2\/types\/page"}],"author":[{"embeddable":true,"href":"https:\/\/grabmale.strasser-steine.at\/en\/wp-json\/wp\/v2\/users\/14"}],"replies":[{"embeddable":true,"href":"https:\/\/grabmale.strasser-steine.at\/en\/wp-json\/wp\/v2\/comments?post=5478"}],"version-history":[{"count":2,"href":"https:\/\/grabmale.strasser-steine.at\/en\/wp-json\/wp\/v2\/pages\/5478\/revisions"}],"predecessor-version":[{"id":5480,"href":"https:\/\/grabmale.strasser-steine.at\/en\/wp-json\/wp\/v2\/pages\/5478\/revisions\/5480"}],"wp:attachment":[{"href":"https:\/\/grabmale.strasser-steine.at\/en\/wp-json\/wp\/v2\/media?parent=5478"}],"curies":[{"name":"wp","href":"https:\/\/api.w.org\/{rel}","templated":true}]}}